{"id":1717,"date":"2024-04-16T15:30:22","date_gmt":"2024-04-16T13:30:22","guid":{"rendered":"https:\/\/raportroczny2023.sniezkagroup.com\/en\/?page_id=1717"},"modified":"2024-06-26T12:30:52","modified_gmt":"2024-06-26T10:30:52","slug":"counteracting-corruption","status":"publish","type":"page","link":"https:\/\/raportroczny2023.sniezkagroup.com\/en\/business-and-management\/compliance\/counteracting-corruption\/","title":{"rendered":"Counteracting corruption"},"content":{"rendered":"","protected":false},"excerpt":{"rendered":"","protected":false},"author":2,"featured_media":0,"parent":915,"menu_order":0,"comment_status":"closed","ping_status":"closed","template":"","meta":{"_acf_changed":false,"footnotes":""},"acf":[],"yoast_head":"<!-- This site is optimized with the Yoast SEO plugin v22.5 - https:\/\/yoast.com\/wordpress\/plugins\/seo\/ -->\n<title>Counteracting corruption - EN<\/title>\n<meta name=\"robots\" content=\"index, follow, max-snippet:-1, max-image-preview:large, max-video-preview:-1\" \/>\n<link rel=\"canonical\" href=\"https:\/\/raportroczny2023.sniezkagroup.com\/en\/business-and-management\/compliance\/counteracting-corruption\/\" \/>\n<meta property=\"og:locale\" content=\"pl_PL\" \/>\n<meta property=\"og:type\" content=\"article\" \/>\n<meta property=\"og:title\" content=\"Counteracting corruption - EN\" \/>\n<meta property=\"og:url\" content=\"https:\/\/raportroczny2023.sniezkagroup.com\/en\/business-and-management\/compliance\/counteracting-corruption\/\" \/>\n<meta property=\"og:site_name\" content=\"EN\" \/>\n<meta property=\"article:modified_time\" content=\"2024-06-26T10:30:52+00:00\" \/>\n<meta name=\"twitter:card\" content=\"summary_large_image\" \/>\n<script type=\"application\/ld+json\" class=\"yoast-schema-graph\">{\"@context\":\"https:\/\/schema.org\",\"@graph\":[{\"@type\":\"WebPage\",\"@id\":\"https:\/\/raportroczny2023.sniezkagroup.com\/en\/business-and-management\/compliance\/counteracting-corruption\/\",\"url\":\"https:\/\/raportroczny2023.sniezkagroup.com\/en\/business-and-management\/compliance\/counteracting-corruption\/\",\"name\":\"Counteracting corruption - EN\",\"isPartOf\":{\"@id\":\"https:\/\/raportroczny2023.sniezkagroup.com\/en\/#website\"},\"datePublished\":\"2024-04-16T13:30:22+00:00\",\"dateModified\":\"2024-06-26T10:30:52+00:00\",\"breadcrumb\":{\"@id\":\"https:\/\/raportroczny2023.sniezkagroup.com\/en\/business-and-management\/compliance\/counteracting-corruption\/#breadcrumb\"},\"inLanguage\":\"pl-PL\",\"potentialAction\":[{\"@type\":\"ReadAction\",\"target\":[\"https:\/\/raportroczny2023.sniezkagroup.com\/en\/business-and-management\/compliance\/counteracting-corruption\/\"]}]},{\"@type\":\"BreadcrumbList\",\"@id\":\"https:\/\/raportroczny2023.sniezkagroup.com\/en\/business-and-management\/compliance\/counteracting-corruption\/#breadcrumb\",\"itemListElement\":[{\"@type\":\"ListItem\",\"position\":1,\"name\":\"Strona g\u0142\u00f3wna\",\"item\":\"https:\/\/raportroczny2023.sniezkagroup.com\/en\/\"},{\"@type\":\"ListItem\",\"position\":2,\"name\":\"Business and management\",\"item\":\"https:\/\/raportroczny2023.sniezkagroup.com\/en\/business-and-management\/\"},{\"@type\":\"ListItem\",\"position\":3,\"name\":\"Compliance\",\"item\":\"https:\/\/raportroczny2023.sniezkagroup.com\/en\/business-and-management\/compliance\/\"},{\"@type\":\"ListItem\",\"position\":4,\"name\":\"Counteracting corruption\"}]},{\"@type\":\"WebSite\",\"@id\":\"https:\/\/raportroczny2023.sniezkagroup.com\/en\/#website\",\"url\":\"https:\/\/raportroczny2023.sniezkagroup.com\/en\/\",\"name\":\"EN\",\"description\":\"Rok 2023 by\u0142 dla nas pomy\u015blny. W obliczu rynkowych wyzwa\u0144, takich jak wysoka inflacja i stopy procentowe, kt\u00f3re skutkowa\u0142y os\u0142abieniem konsumpcji, wykazali\u015bmy si\u0119 dobrym przygotowaniem.\",\"potentialAction\":[{\"@type\":\"SearchAction\",\"target\":{\"@type\":\"EntryPoint\",\"urlTemplate\":\"https:\/\/raportroczny2023.sniezkagroup.com\/en\/?s={search_term_string}\"},\"query-input\":\"required name=search_term_string\"}],\"inLanguage\":\"pl-PL\"}]}<\/script>\n<!-- \/ Yoast SEO plugin. -->","yoast_head_json":{"title":"Counteracting corruption - EN","robots":{"index":"index","follow":"follow","max-snippet":"max-snippet:-1","max-image-preview":"max-image-preview:large","max-video-preview":"max-video-preview:-1"},"canonical":"https:\/\/raportroczny2023.sniezkagroup.com\/en\/business-and-management\/compliance\/counteracting-corruption\/","og_locale":"pl_PL","og_type":"article","og_title":"Counteracting corruption - EN","og_url":"https:\/\/raportroczny2023.sniezkagroup.com\/en\/business-and-management\/compliance\/counteracting-corruption\/","og_site_name":"EN","article_modified_time":"2024-06-26T10:30:52+00:00","twitter_card":"summary_large_image","schema":{"@context":"https:\/\/schema.org","@graph":[{"@type":"WebPage","@id":"https:\/\/raportroczny2023.sniezkagroup.com\/en\/business-and-management\/compliance\/counteracting-corruption\/","url":"https:\/\/raportroczny2023.sniezkagroup.com\/en\/business-and-management\/compliance\/counteracting-corruption\/","name":"Counteracting corruption - EN","isPartOf":{"@id":"https:\/\/raportroczny2023.sniezkagroup.com\/en\/#website"},"datePublished":"2024-04-16T13:30:22+00:00","dateModified":"2024-06-26T10:30:52+00:00","breadcrumb":{"@id":"https:\/\/raportroczny2023.sniezkagroup.com\/en\/business-and-management\/compliance\/counteracting-corruption\/#breadcrumb"},"inLanguage":"pl-PL","potentialAction":[{"@type":"ReadAction","target":["https:\/\/raportroczny2023.sniezkagroup.com\/en\/business-and-management\/compliance\/counteracting-corruption\/"]}]},{"@type":"BreadcrumbList","@id":"https:\/\/raportroczny2023.sniezkagroup.com\/en\/business-and-management\/compliance\/counteracting-corruption\/#breadcrumb","itemListElement":[{"@type":"ListItem","position":1,"name":"Strona g\u0142\u00f3wna","item":"https:\/\/raportroczny2023.sniezkagroup.com\/en\/"},{"@type":"ListItem","position":2,"name":"Business and management","item":"https:\/\/raportroczny2023.sniezkagroup.com\/en\/business-and-management\/"},{"@type":"ListItem","position":3,"name":"Compliance","item":"https:\/\/raportroczny2023.sniezkagroup.com\/en\/business-and-management\/compliance\/"},{"@type":"ListItem","position":4,"name":"Counteracting corruption"}]},{"@type":"WebSite","@id":"https:\/\/raportroczny2023.sniezkagroup.com\/en\/#website","url":"https:\/\/raportroczny2023.sniezkagroup.com\/en\/","name":"EN","description":"Rok 2023 by\u0142 dla nas pomy\u015blny. W obliczu rynkowych wyzwa\u0144, takich jak wysoka inflacja i stopy procentowe, kt\u00f3re skutkowa\u0142y os\u0142abieniem konsumpcji, wykazali\u015bmy si\u0119 dobrym przygotowaniem.","potentialAction":[{"@type":"SearchAction","target":{"@type":"EntryPoint","urlTemplate":"https:\/\/raportroczny2023.sniezkagroup.com\/en\/?s={search_term_string}"},"query-input":"required name=search_term_string"}],"inLanguage":"pl-PL"}]}},"_links":{"self":[{"href":"https:\/\/raportroczny2023.sniezkagroup.com\/en\/wp-json\/wp\/v2\/pages\/1717"}],"collection":[{"href":"https:\/\/raportroczny2023.sniezkagroup.com\/en\/wp-json\/wp\/v2\/pages"}],"about":[{"href":"https:\/\/raportroczny2023.sniezkagroup.com\/en\/wp-json\/wp\/v2\/types\/page"}],"author":[{"embeddable":true,"href":"https:\/\/raportroczny2023.sniezkagroup.com\/en\/wp-json\/wp\/v2\/users\/2"}],"replies":[{"embeddable":true,"href":"https:\/\/raportroczny2023.sniezkagroup.com\/en\/wp-json\/wp\/v2\/comments?post=1717"}],"version-history":[{"count":82,"href":"https:\/\/raportroczny2023.sniezkagroup.com\/en\/wp-json\/wp\/v2\/pages\/1717\/revisions"}],"predecessor-version":[{"id":4188,"href":"https:\/\/raportroczny2023.sniezkagroup.com\/en\/wp-json\/wp\/v2\/pages\/1717\/revisions\/4188"}],"up":[{"embeddable":true,"href":"https:\/\/raportroczny2023.sniezkagroup.com\/en\/wp-json\/wp\/v2\/pages\/915"}],"wp:attachment":[{"href":"https:\/\/raportroczny2023.sniezkagroup.com\/en\/wp-json\/wp\/v2\/media?parent=1717"}],"curies":[{"name":"wp","href":"https:\/\/api.w.org\/{rel}","templated":true}]}}